{"id":20,"date":"2021-09-24T12:20:18","date_gmt":"2021-09-24T10:20:18","guid":{"rendered":"https:\/\/setup-24.de\/?page_id=20"},"modified":"2024-06-26T09:29:26","modified_gmt":"2024-06-26T07:29:26","slug":"imprint","status":"publish","type":"page","link":"https:\/\/www.theexecutivefinder.eu\/en\/impressum\/","title":{"rendered":"Imprint"},"content":{"rendered":"\n\t<section class=\"section\" id=\"section_491446663\">\n\t\t<div class=\"section-bg fill\" >\n\t\t\t<img loading=\"lazy\" decoding=\"async\" width=\"2121\" height=\"1414\" src=\"https:\/\/www.theexecutivefinder.eu\/wp-content\/uploads\/2021\/09\/iStock-1264798472.jpg\" class=\"bg attachment- size-\" alt=\"Studio Setup24 Co-working Space B\u00fcro\" \/>\t\t\t\t\t\t<div class=\"section-bg-overlay absolute fill\"><\/div>\n\t\t\t\n\n\t\t<\/div>\n\n\t\t\n\n\t\t<div class=\"section-content relative\">\n\t\t\t\n<div class=\"row row-collapse align-center\" style=\"max-width:\" id=\"row-1910763035\">\n\n\t<div id=\"col-805665533\" class=\"col small-12 large-12\"  >\n\t\t\t\t<div class=\"col-inner text-center dark\"  >\n\t\t\t\n\t\t\t\n<h1><span style=\"font-size: 250%;\">Impressum<\/span><\/h1>\n<p class=\"lead\"><span style=\"font-size: 120%;\">Was Sie wissen m\u00fcssen<\/span><\/p>\n\t\t<\/div>\n\t\t\t\t\n<style>\n#col-805665533 > .col-inner {\n  padding: 100px 20px 200px 0px;\n}\n@media (min-width:550px) {\n  #col-805665533 > .col-inner {\n    padding: 100px 0px 200px 0px;\n  }\n}\n<\/style>\n\t<\/div>\n\n\t\n<\/div>\n\t\t<\/div>\n\n\t\t\n<style>\n#section_491446663 {\n  padding-top: 0px;\n  padding-bottom: 0px;\n  min-height: 0px;\n}\n#section_491446663 .section-bg-overlay {\n  background-color: rgba(0, 0, 0, 0.12);\n}\n#section_491446663 .section-bg img {\n  object-position: 55% 100%;\n}\n@media (min-width:550px) {\n  #section_491446663 {\n    padding-top: 0px;\n    padding-bottom: 0px;\n  }\n  #section_491446663 .section-bg-overlay {\n    background-color: rgba(0, 0, 0, 0.21);\n  }\n}\n@media (min-width:850px) {\n  #section_491446663 {\n    padding-top: 100px;\n    padding-bottom: 100px;\n  }\n  #section_491446663 .section-bg-overlay {\n    background-color: rgba(0, 0, 0, 0.12);\n  }\n}\n<\/style>\n\t<\/section>\n\t\n<div class=\"row row-large\" style=\"max-width:1400px\" id=\"row-784339902\">\n\n\t<div id=\"col-1690729362\" class=\"col small-12 large-12\"  >\n\t\t\t\t<div class=\"col-inner\" style=\"background-color:rgb(255, 255, 255);\" >\n\t\t\t\n\t\t\t\n<div class=\"row row-collapse row-full-width\"  id=\"row-711726381\">\n\n\t<div id=\"col-1105271602\" class=\"col medium-12 small-12 large-6\"  >\n\t\t\t\t<div class=\"col-inner\"  >\n\t\t\t\n\t\t\t\n<h2><span style=\"font-size: 120%;\">Impressum<\/span><\/h2>\n\t<div id=\"gap-776573348\" class=\"gap-element clearfix\" style=\"display:block; height:auto;\">\n\t\t\n<style>\n#gap-776573348 {\n  padding-top: 20px;\n}\n@media (min-width:550px) {\n  #gap-776573348 {\n    padding-top: 20px;\n  }\n}\n@media (min-width:850px) {\n  #gap-776573348 {\n    padding-top: 30px;\n  }\n}\n<\/style>\n\t<\/div>\n\t\n<p>Tostmann The Executive Finder GmbH<br \/>Theodor-Heuss-Allee 112<br \/>60486 Frankfurt am Main<br \/>Deutschland<\/p>\n<p>Telefon: +49 69 6677 41-380<br \/>Telefax: +49 69 6677 41-383<\/p>\n<p>E-Mail: office@theexecutivefinder.eu<br \/>Internet: www.theexecutivefinder.eu<\/p>\n<p>Vertretungsberechtigte Gesch\u00e4ftsf\u00fchrerin: Astrid Tostmann<br \/>Inhaltlich verantwortlich gem\u00e4\u00df \u00a75 TMG: Astrid Tostmann<\/p>\n<p>Handelsregister: HRB 85766<br \/>Registergericht: Frankfurt am Main<br \/>USt-IdNr.: DE265592127<\/p>\n<h3>Haftungsbeschr\u00e4nkung<\/h3>\n<p>Die Inhalte dieser Website wurden mit gr\u00f6\u00dfter Sorgfalt erstellt. Die Nutzung der Inhalte erfolgt auf eigenes Risiko des Nutzers. Sie dienen nur der Information des Nutzers ohne Haftung oder Garantie f\u00fcr deren Aktualit\u00e4t und Vollst\u00e4ndigkeit.<\/p>\n<h3>Links<\/h3>\n<p>Die Tostmann The Executive Finder GmbH \u00fcbernimmt keine Haftung oder Garantie f\u00fcr verkn\u00fcpfte Websites Dritter (externe Links). Diese Websites unterliegen der Haftung der jeweiligen Betreiber, denn unsere Gesellschaft hat keinerlei Einfluss auf die aktuelle und k\u00fcnftige Gestaltung und die Inhalte der verkn\u00fcpften Seiten. Das Setzen von externen Links bedeutet nicht, dass sich unsere Gesellschaft die hinter dem Verweis oder Link liegenden Inhalte zu eigen macht. Bei Kenntnis von Rechtsverst\u00f6\u00dfen oder Hinweisen darauf werden derartige Links unverz\u00fcglich gel\u00f6scht.<\/p>\n<p>Urheberrechte<br \/>Der Inhalt dieser Website ist urheberrechtlich gesch\u00fctzt. Dem Benutzer wird jedoch das Recht gew\u00e4hrt, den auf dieser Website bereitgestellten Text ganz oder auszugsweise zu speichern. Die Speicherung und Vervielf\u00e4ltigung von Bildmaterial aus dieser Website ist jedoch nicht gestattet.<\/p>\n<h3>Bildnachweise<\/h3>\n<ul>\n<li>Portraitbild Astrid Tostmann: Farideh Diehl (Fotografin)<\/li>\n<li>Weitere Bilder: Unsplash<\/li>\n<li>eduardo-soares-yxdWH9wRlZM (V\u00f6gel auf Hochspannungsleitung)<\/li>\n<li>patrick-perkins-ETRPjvb0KM0 (Pinnwand mit Notizzetteln)<\/li>\n<li>priyanka-singh-Jt72_opb38I (Waln\u00fcsse)<\/li>\n<li>jessica-ruscello&#8211;GUyf8ZCTHM (Bilderrahmen)<\/li>\n<\/ul>\n\t<div id=\"gap-1667581945\" class=\"gap-element clearfix hidden\" style=\"display:block; height:auto;\">\n\t\t\n<style>\n#gap-1667581945 {\n  padding-top: 20px;\n}\n@media (min-width:550px) {\n  #gap-1667581945 {\n    padding-top: 20px;\n  }\n}\n@media (min-width:850px) {\n  #gap-1667581945 {\n    padding-top: 30px;\n  }\n}\n<\/style>\n\t<\/div>\n\t\n\n\n\t\t<\/div>\n\t\t\t\t\n<style>\n#col-1105271602 > .col-inner {\n  padding: 0px 0px 0px 20px;\n}\n<\/style>\n\t<\/div>\n\n\t\n\n\t<div id=\"col-656682421\" class=\"col medium-12 small-12 large-6\"  >\n\t\t\t\t<div class=\"col-inner\"  >\n\t\t\t\n\t\t\t\n<h2><span style=\"font-size: 120%;\">Kontaktanfrage<\/span><\/h2>\n\t<div id=\"gap-397107020\" class=\"gap-element clearfix\" style=\"display:block; height:auto;\">\n\t\t\n<style>\n#gap-397107020 {\n  padding-top: 20px;\n}\n@media (min-width:550px) {\n  #gap-397107020 {\n    padding-top: 20px;\n  }\n}\n@media (min-width:850px) {\n  #gap-397107020 {\n    padding-top: 30px;\n  }\n}\n<\/style>\n\t<\/div>\n\t\n<p>\n\n<div class=\"wpcf7 no-js\" id=\"wpcf7-f461-o1\" lang=\"de-DE\" dir=\"ltr\" data-wpcf7-id=\"461\">\n<div class=\"screen-reader-response\"><p role=\"status\" aria-live=\"polite\" aria-atomic=\"true\"><\/p> <ul><\/ul><\/div>\n<form action=\"\/en\/wp-json\/wp\/v2\/pages\/20#wpcf7-f461-o1\" method=\"post\" class=\"wpcf7-form init\" aria-label=\"Kontaktformular\" novalidate=\"novalidate\" data-status=\"init\">\n<fieldset class=\"hidden-fields-container\"><input type=\"hidden\" name=\"_wpcf7\" value=\"461\" \/><input type=\"hidden\" name=\"_wpcf7_version\" value=\"6.1.5\" \/><input type=\"hidden\" name=\"_wpcf7_locale\" value=\"de_DE_formal\" \/><input type=\"hidden\" name=\"_wpcf7_unit_tag\" value=\"wpcf7-f461-o1\" \/><input type=\"hidden\" name=\"_wpcf7_container_post\" value=\"0\" \/><input type=\"hidden\" name=\"_wpcf7_posted_data_hash\" value=\"\" \/><input type=\"hidden\" name=\"_wpcf7_recaptcha_response\" value=\"\" \/>\n<\/fieldset>\n<p><label> Ihr Name<br \/>\n<span class=\"wpcf7-form-control-wrap\" data-name=\"your-name\"><input size=\"40\" maxlength=\"400\" class=\"wpcf7-form-control wpcf7-text wpcf7-validates-as-required\" autocomplete=\"name\" aria-required=\"true\" aria-invalid=\"false\" value=\"\" type=\"text\" name=\"your-name\" \/><\/span> <\/label>\n<\/p>\n<p><label> Ihre E-Mail-Adresse<br \/>\n<span class=\"wpcf7-form-control-wrap\" data-name=\"your-email\"><input size=\"40\" maxlength=\"400\" class=\"wpcf7-form-control wpcf7-email wpcf7-validates-as-required wpcf7-text wpcf7-validates-as-email\" autocomplete=\"email\" aria-required=\"true\" aria-invalid=\"false\" value=\"\" type=\"email\" name=\"your-email\" \/><\/span> <\/label>\n<\/p>\n<p><label> Betreff<br \/>\n<span class=\"wpcf7-form-control-wrap\" data-name=\"your-subject\"><input size=\"40\" maxlength=\"400\" class=\"wpcf7-form-control wpcf7-text wpcf7-validates-as-required\" aria-required=\"true\" aria-invalid=\"false\" value=\"\" type=\"text\" name=\"your-subject\" \/><\/span> <\/label>\n<\/p>\n<p><label> Ihre Nachricht<br \/>\n<span class=\"wpcf7-form-control-wrap\" data-name=\"your-message\"><textarea cols=\"40\" rows=\"10\" maxlength=\"2000\" class=\"wpcf7-form-control wpcf7-textarea wpcf7-validates-as-required\" aria-required=\"true\" aria-invalid=\"false\" name=\"your-message\"><\/textarea><\/span> <\/label>\n<\/p>\n<p><input class=\"wpcf7-form-control wpcf7-submit has-spinner\" type=\"submit\" value=\"Senden\" \/>\n<\/p><div class=\"wpcf7-response-output\" aria-hidden=\"true\"><\/div>\n<\/form>\n<\/div>\n\n\t\t<\/div>\n\t\t\t\t\t<\/div>\n\n\t\n\n<style>\n#row-711726381 > .col > .col-inner {\n  padding: 0px 15px 0px 15px;\n}\n<\/style>\n<\/div>\n\t\t<\/div>\n\t\t\t\t\n<style>\n#col-1690729362 > .col-inner {\n  padding: 50px 20px 0px 20px;\n  margin: -0 0px 0px 0px;\n}\n@media (min-width:550px) {\n  #col-1690729362 > .col-inner {\n    padding: 50px 20px 30px 20px;\n    margin: 0 0px 0px 0px;\n  }\n}\n@media (min-width:850px) {\n  #col-1690729362 > .col-inner {\n    padding: 66px 5% 16px 5%;\n    margin: -135px 0px 0px 0px;\n  }\n}\n<\/style>\n\t<\/div>\n\n\t\n<\/div>\n<div class=\"row row-collapse row-full-width\"  id=\"row-1843608986\">\n\n\t<div id=\"col-1081250935\" class=\"col small-12 large-12\"  >\n\t\t\t\t<div class=\"col-inner\"  >\n\t\t\t\n\t\t\t\n\n\t<script type=\"text\/javascript\">\n  jQuery( document ).ready(function() {\n    function initialize() {\n        var styles = {\n            'flatsome':  [{\n            \"featureType\": \"administrative\",\n            \"stylers\": [\n              { \"visibility\": \"on\" }\n            ]\n          },\n          {\n            \"featureType\": \"road\",\n            \"stylers\": [\n              { \"visibility\": \"on\" },\n              { \"hue\": \"\" }\n            ]\n          },\n          {\n            \"stylers\": [\n\t\t\t  { \"visibility\": \"on\" },\n\t\t\t  { \"hue\": \"\" },\n\t\t\t  { \"saturation\": -98 }\n            ]\n          }\n        ]};\n\n        var myLatlng = new google.maps.LatLng(50.1163762, 8.6270814);\n        var myOptions = {\n            zoom: 16,\n            center: myLatlng,\n            mapTypeId: google.maps.MapTypeId.ROADMAP,\n            disableDefaultUI: true,\n            mapTypeId: 'flatsome',\n            draggable: true,\n            zoomControl: false,\n            zoomControlOptions: {\n              position: google.maps.ControlPosition.TOP_LEFT\n            },\n      \t\t\tmapTypeControl: false,\n            mapTypeControlOptions: {\n              position: google.maps.ControlPosition.TOP_LEFT\n            },\n      \t\t\tstreetViewControl: false,\n            streetViewControlOptions: {\n              position: google.maps.ControlPosition.TOP_LEFT\n            },\n            scrollwheel: false,\n            disableDoubleClickZoom: true\n        }\n        var map = new google.maps.Map(document.getElementById(\"map-2270749053-inner\"), myOptions);\n        var styledMapType = new google.maps.StyledMapType(styles['flatsome'], {name: 'flatsome'});\n        map.mapTypes.set('flatsome', styledMapType);\n\n        var marker = new google.maps.Marker({\n            position: myLatlng,\n            map: map,\n            title:\"\"\n        });\n    }\n\n    \/\/ Required to proceed\n    if (!(typeof google === 'object' && typeof google.maps === 'object')) {\n      return\n    }\n\n    initialize()\n    google.maps.event.addDomListener(window, 'resize', initialize);\n    });\n    <\/script>\n\n    <div class=\"google-map relative mb\" id=\"map-2270749053\">\n        <div class=\"map-height\" id=\"map-2270749053-inner\"><\/div>\n        <div id=\"map_overlay_top\"><\/div>\n        <div id=\"map_overlay_bottom\"><\/div>\n         \n       \n<style>\n#map-2270749053 .map-inner {\n  background-color: #fff;\n  max-width: 100%;\n}\n#map-2270749053 .map-height {\n  height: 300px;\n}\n@media (min-width:550px) {\n  #map-2270749053 .map-inner {\n    max-width: 40%;\n  }\n  #map-2270749053 .map-height {\n    height: 600px;\n  }\n}\n@media (min-width:850px) {\n  #map-2270749053 .map-inner {\n    max-width: 0%;\n  }\n}\n<\/style>\n    <\/div>\n\n\t\n\t\t<\/div>\n\t\t\t\t\n<style>\n#col-1081250935 > .col-inner {\n  padding: 0px 30px 0px 30px;\n}\n<\/style>\n\t<\/div>\n\n\t\n<\/div>\n","protected":false},"excerpt":{"rendered":"","protected":false},"author":3,"featured_media":0,"parent":0,"menu_order":0,"comment_status":"closed","ping_status":"closed","template":"page-blank.php","meta":{"_monsterinsights_skip_tracking":false,"_monsterinsights_sitenote_active":false,"_monsterinsights_sitenote_note":"","_monsterinsights_sitenote_category":0,"footnotes":""},"class_list":["post-20","page","type-page","status-publish","hentry"],"yoast_head":"<!-- This site is optimized with the Yoast SEO Premium plugin v23.0 (Yoast SEO v27.4) - https:\/\/yoast.com\/product\/yoast-seo-premium-wordpress\/ -->\n<title>Impressum - Astrid Tostmann - The Executive Finder<\/title>\n<meta name=\"robots\" content=\"index, follow, max-snippet:-1, max-image-preview:large, max-video-preview:-1\" \/>\n<link rel=\"canonical\" href=\"https:\/\/www.theexecutivefinder.eu\/en\/imprint\/\" \/>\n<meta property=\"og:locale\" content=\"en_US\" \/>\n<meta property=\"og:type\" content=\"article\" \/>\n<meta property=\"og:title\" content=\"Impressum\" \/>\n<meta property=\"og:url\" content=\"https:\/\/www.theexecutivefinder.eu\/en\/imprint\/\" \/>\n<meta property=\"og:site_name\" content=\"Astrid Tostmann - The Executive Finder\" \/>\n<meta property=\"article:modified_time\" content=\"2024-06-26T07:29:26+00:00\" \/>\n<meta name=\"twitter:card\" content=\"summary_large_image\" \/>\n<meta name=\"twitter:label1\" content=\"Est. reading time\" \/>\n\t<meta name=\"twitter:data1\" content=\"3 minutes\" \/>\n<script type=\"application\/ld+json\" class=\"yoast-schema-graph\">{\"@context\":\"https:\\\/\\\/schema.org\",\"@graph\":[{\"@type\":\"WebPage\",\"@id\":\"https:\\\/\\\/www.theexecutivefinder.eu\\\/impressum\\\/\",\"url\":\"https:\\\/\\\/www.theexecutivefinder.eu\\\/impressum\\\/\",\"name\":\"Impressum - Astrid Tostmann - The Executive Finder\",\"isPartOf\":{\"@id\":\"https:\\\/\\\/www.theexecutivefinder.eu\\\/#website\"},\"datePublished\":\"2021-09-24T10:20:18+00:00\",\"dateModified\":\"2024-06-26T07:29:26+00:00\",\"breadcrumb\":{\"@id\":\"https:\\\/\\\/www.theexecutivefinder.eu\\\/impressum\\\/#breadcrumb\"},\"inLanguage\":\"en-US\",\"potentialAction\":[{\"@type\":\"ReadAction\",\"target\":[\"https:\\\/\\\/www.theexecutivefinder.eu\\\/impressum\\\/\"]}]},{\"@type\":\"BreadcrumbList\",\"@id\":\"https:\\\/\\\/www.theexecutivefinder.eu\\\/impressum\\\/#breadcrumb\",\"itemListElement\":[{\"@type\":\"ListItem\",\"position\":1,\"name\":\"Startseite\",\"item\":\"https:\\\/\\\/www.theexecutivefinder.eu\\\/\"},{\"@type\":\"ListItem\",\"position\":2,\"name\":\"Impressum\"}]},{\"@type\":\"WebSite\",\"@id\":\"https:\\\/\\\/www.theexecutivefinder.eu\\\/#website\",\"url\":\"https:\\\/\\\/www.theexecutivefinder.eu\\\/\",\"name\":\"Astrid Tostmann - The Executive Finder\",\"description\":\"\",\"publisher\":{\"@id\":\"https:\\\/\\\/www.theexecutivefinder.eu\\\/#organization\"},\"potentialAction\":[{\"@type\":\"SearchAction\",\"target\":{\"@type\":\"EntryPoint\",\"urlTemplate\":\"https:\\\/\\\/www.theexecutivefinder.eu\\\/?s={search_term_string}\"},\"query-input\":{\"@type\":\"PropertyValueSpecification\",\"valueRequired\":true,\"valueName\":\"search_term_string\"}}],\"inLanguage\":\"en-US\"},{\"@type\":\"Organization\",\"@id\":\"https:\\\/\\\/www.theexecutivefinder.eu\\\/#organization\",\"name\":\"Astrid Tostmann - The Executive Finder\",\"alternateName\":\"Tostmann - The Executive Finder\",\"url\":\"https:\\\/\\\/www.theexecutivefinder.eu\\\/\",\"logo\":{\"@type\":\"ImageObject\",\"inLanguage\":\"en-US\",\"@id\":\"https:\\\/\\\/www.theexecutivefinder.eu\\\/#\\\/schema\\\/logo\\\/image\\\/\",\"url\":\"https:\\\/\\\/www.theexecutivefinder.eu\\\/wp-content\\\/uploads\\\/2024\\\/07\\\/Tostmann-The-Executive-Finder-GmbH-696x696-1.jpg\",\"contentUrl\":\"https:\\\/\\\/www.theexecutivefinder.eu\\\/wp-content\\\/uploads\\\/2024\\\/07\\\/Tostmann-The-Executive-Finder-GmbH-696x696-1.jpg\",\"width\":696,\"height\":696,\"caption\":\"Astrid Tostmann - The Executive Finder\"},\"image\":{\"@id\":\"https:\\\/\\\/www.theexecutivefinder.eu\\\/#\\\/schema\\\/logo\\\/image\\\/\"},\"sameAs\":[\"https:\\\/\\\/www.linkedin.com\\\/in\\\/astrid-tostmann-bb976a190\\\/\"],\"email\":\"office@theexecutivefinder.eu\",\"telephone\":\"+49 69 667741380\",\"legalName\":\"Tostmann The Executive Finder GmbH\",\"vatID\":\"DE265592127\"}]}<\/script>\n<!-- \/ Yoast SEO Premium plugin. -->","yoast_head_json":{"title":"Imprint - Astrid Tostmann - The Executive Finder","robots":{"index":"index","follow":"follow","max-snippet":"max-snippet:-1","max-image-preview":"max-image-preview:large","max-video-preview":"max-video-preview:-1"},"canonical":"https:\/\/www.theexecutivefinder.eu\/en\/imprint\/","og_locale":"en_US","og_type":"article","og_title":"Impressum","og_url":"https:\/\/www.theexecutivefinder.eu\/en\/imprint\/","og_site_name":"Astrid Tostmann - The Executive Finder","article_modified_time":"2024-06-26T07:29:26+00:00","twitter_card":"summary_large_image","twitter_misc":{"Est. reading time":"3 minutes"},"schema":{"@context":"https:\/\/schema.org","@graph":[{"@type":"WebPage","@id":"https:\/\/www.theexecutivefinder.eu\/impressum\/","url":"https:\/\/www.theexecutivefinder.eu\/impressum\/","name":"Imprint - Astrid Tostmann - The Executive Finder","isPartOf":{"@id":"https:\/\/www.theexecutivefinder.eu\/#website"},"datePublished":"2021-09-24T10:20:18+00:00","dateModified":"2024-06-26T07:29:26+00:00","breadcrumb":{"@id":"https:\/\/www.theexecutivefinder.eu\/impressum\/#breadcrumb"},"inLanguage":"en-US","potentialAction":[{"@type":"ReadAction","target":["https:\/\/www.theexecutivefinder.eu\/impressum\/"]}]},{"@type":"BreadcrumbList","@id":"https:\/\/www.theexecutivefinder.eu\/impressum\/#breadcrumb","itemListElement":[{"@type":"ListItem","position":1,"name":"Startseite","item":"https:\/\/www.theexecutivefinder.eu\/"},{"@type":"ListItem","position":2,"name":"Impressum"}]},{"@type":"WebSite","@id":"https:\/\/www.theexecutivefinder.eu\/#website","url":"https:\/\/www.theexecutivefinder.eu\/","name":"Astrid Tostmann - The Executive Finder","description":"","publisher":{"@id":"https:\/\/www.theexecutivefinder.eu\/#organization"},"potentialAction":[{"@type":"SearchAction","target":{"@type":"EntryPoint","urlTemplate":"https:\/\/www.theexecutivefinder.eu\/?s={search_term_string}"},"query-input":{"@type":"PropertyValueSpecification","valueRequired":true,"valueName":"search_term_string"}}],"inLanguage":"en-US"},{"@type":"Organization","@id":"https:\/\/www.theexecutivefinder.eu\/#organization","name":"Astrid Tostmann - The Executive Finder","alternateName":"Tostmann - The Executive Finder","url":"https:\/\/www.theexecutivefinder.eu\/","logo":{"@type":"ImageObject","inLanguage":"en-US","@id":"https:\/\/www.theexecutivefinder.eu\/#\/schema\/logo\/image\/","url":"https:\/\/www.theexecutivefinder.eu\/wp-content\/uploads\/2024\/07\/Tostmann-The-Executive-Finder-GmbH-696x696-1.jpg","contentUrl":"https:\/\/www.theexecutivefinder.eu\/wp-content\/uploads\/2024\/07\/Tostmann-The-Executive-Finder-GmbH-696x696-1.jpg","width":696,"height":696,"caption":"Astrid Tostmann - The Executive Finder"},"image":{"@id":"https:\/\/www.theexecutivefinder.eu\/#\/schema\/logo\/image\/"},"sameAs":["https:\/\/www.linkedin.com\/in\/astrid-tostmann-bb976a190\/"],"email":"office@theexecutivefinder.eu","telephone":"+49 69 667741380","legalName":"Tostmann The Executive Finder GmbH","vatID":"DE265592127"}]}},"_links":{"self":[{"href":"https:\/\/www.theexecutivefinder.eu\/en\/wp-json\/wp\/v2\/pages\/20","targetHints":{"allow":["GET"]}}],"collection":[{"href":"https:\/\/www.theexecutivefinder.eu\/en\/wp-json\/wp\/v2\/pages"}],"about":[{"href":"https:\/\/www.theexecutivefinder.eu\/en\/wp-json\/wp\/v2\/types\/page"}],"author":[{"embeddable":true,"href":"https:\/\/www.theexecutivefinder.eu\/en\/wp-json\/wp\/v2\/users\/3"}],"replies":[{"embeddable":true,"href":"https:\/\/www.theexecutivefinder.eu\/en\/wp-json\/wp\/v2\/comments?post=20"}],"version-history":[{"count":0,"href":"https:\/\/www.theexecutivefinder.eu\/en\/wp-json\/wp\/v2\/pages\/20\/revisions"}],"wp:attachment":[{"href":"https:\/\/www.theexecutivefinder.eu\/en\/wp-json\/wp\/v2\/media?parent=20"}],"curies":[{"name":"wp","href":"https:\/\/api.w.org\/{rel}","templated":true}]}}